{"id":618,"date":"2025-09-23T15:56:42","date_gmt":"2025-09-23T13:56:42","guid":{"rendered":"https:\/\/pluritans.unizg.hr\/?page_id=618"},"modified":"2025-09-23T16:33:53","modified_gmt":"2025-09-23T14:33:53","slug":"kontakt","status":"publish","type":"page","link":"https:\/\/pluritans.unizg.hr\/hr\/kontakt\/","title":{"rendered":"Kontakt"},"content":{"rendered":"\t\t<div data-elementor-type=\"wp-page\" data-elementor-id=\"618\" class=\"elementor elementor-618\" data-elementor-post-type=\"page\">\n\t\t\t\t<div class=\"elementor-element elementor-element-2f6db46 e-flex e-con-boxed e-con e-parent\" data-id=\"2f6db46\" data-element_type=\"container\">\n\t\t\t\t\t<div class=\"e-con-inner\">\n\t\t\t\t<div class=\"elementor-element elementor-element-1abbed5 elementor-widget__width-initial elementor-widget-mobile__width-inherit elementor-widget elementor-widget-heading\" data-id=\"1abbed5\" data-element_type=\"widget\" data-widget_type=\"heading.default\">\n\t\t\t\t<div class=\"elementor-widget-container\">\n\t\t\t\t\t<h1 class=\"elementor-heading-title elementor-size-default\">kontakt<\/h1>\t\t\t\t<\/div>\n\t\t\t\t<\/div>\n\t\t\t\t\t<\/div>\n\t\t\t\t<\/div>\n\t\t<div class=\"elementor-element elementor-element-cccba4d e-flex e-con-boxed e-con e-parent\" data-id=\"cccba4d\" data-element_type=\"container\">\n\t\t\t\t\t<div class=\"e-con-inner\">\n\t\t\t\t<div class=\"elementor-element elementor-element-227660a elementor-widget__width-initial elementor-widget elementor-widget-text-editor\" data-id=\"227660a\" data-element_type=\"widget\" data-widget_type=\"text-editor.default\">\n\t\t\t\t<div class=\"elementor-widget-container\">\n\t\t\t\t\t\t\t\t\t<p><a href=\"https:\/\/www.tfmvi.hr\/\" target=\"_blank\" rel=\"noopener\">Sveu\u010dili\u0161ni centar za protestantsku teologiju Matija Vla\u010di\u0107 Ilirik<\/a><\/p><p><a href=\"https:\/\/www.unizg.hr\/\" target=\"_blank\" rel=\"noopener\">Sveu\u010dili\u0161te u Zagrebu<\/a><\/p><p>Zoran Grozdanov, <a href=\"mailto:zgrozdanov@unizg.hr\">zgrozdanov@unizg.hr<\/a><br \/>Slavica Jakeli\u0107, <a href=\"mailto:slavica.jakelic@valpo.edu\">slavica.jakelic@valpo.edu<\/a><br \/>Neboj\u0161a Zeli\u010d, <a href=\"mailto:nzelic@ffri.uniri.hr\">nzelic@ffri.uniri.hr<\/a><\/p>\t\t\t\t\t\t\t\t<\/div>\n\t\t\t\t<\/div>\n\t\t\t\t\t<\/div>\n\t\t\t\t<\/div>\n\t\t<div class=\"elementor-element elementor-element-f622846 e-flex e-con-boxed e-con e-parent\" data-id=\"f622846\" data-element_type=\"container\">\n\t\t\t\t\t<div class=\"e-con-inner\">\n\t\t\t\t<div class=\"elementor-element elementor-element-0679e62 elementor-widget elementor-widget-heading\" data-id=\"0679e62\" data-element_type=\"widget\" data-widget_type=\"heading.default\">\n\t\t\t\t<div class=\"elementor-widget-container\">\n\t\t\t\t\t<h2 class=\"elementor-heading-title elementor-size-default\">interdisciplinarno,<\/h2>\t\t\t\t<\/div>\n\t\t\t\t<\/div>\n\t\t\t\t<div class=\"elementor-element elementor-element-74d8d30 elementor-widget elementor-widget-heading\" data-id=\"74d8d30\" data-element_type=\"widget\" data-widget_type=\"heading.default\">\n\t\t\t\t<div class=\"elementor-widget-container\">\n\t\t\t\t\t<h2 class=\"elementor-heading-title elementor-size-default\">javno, pedago\u0161ki<\/h2>\t\t\t\t<\/div>\n\t\t\t\t<\/div>\n\t\t\t\t\t<\/div>\n\t\t\t\t<\/div>\n\t\t\t\t<\/div>\n\t\t","protected":false},"excerpt":{"rendered":"<p>kontakt Sveu\u010dili\u0161ni centar za protestantsku teologiju Matija Vla\u010di\u0107 Ilirik Sveu\u010dili\u0161te u Zagrebu Zoran Grozdanov, zgrozdanov@unizg.hrSlavica Jakeli\u0107, slavica.jakelic@valpo.eduNeboj\u0161a Zeli\u010d, nzelic@ffri.uniri.hr interdisciplinarno, javno, pedago\u0161ki<\/p>\n","protected":false},"author":1,"featured_media":0,"parent":0,"menu_order":9,"comment_status":"closed","ping_status":"closed","template":"","meta":{"footnotes":""},"class_list":["post-618","page","type-page","status-publish","hentry"],"_links":{"self":[{"href":"https:\/\/pluritans.unizg.hr\/hr\/wp-json\/wp\/v2\/pages\/618","targetHints":{"allow":["GET"]}}],"collection":[{"href":"https:\/\/pluritans.unizg.hr\/hr\/wp-json\/wp\/v2\/pages"}],"about":[{"href":"https:\/\/pluritans.unizg.hr\/hr\/wp-json\/wp\/v2\/types\/page"}],"author":[{"embeddable":true,"href":"https:\/\/pluritans.unizg.hr\/hr\/wp-json\/wp\/v2\/users\/1"}],"replies":[{"embeddable":true,"href":"https:\/\/pluritans.unizg.hr\/hr\/wp-json\/wp\/v2\/comments?post=618"}],"version-history":[{"count":5,"href":"https:\/\/pluritans.unizg.hr\/hr\/wp-json\/wp\/v2\/pages\/618\/revisions"}],"predecessor-version":[{"id":672,"href":"https:\/\/pluritans.unizg.hr\/hr\/wp-json\/wp\/v2\/pages\/618\/revisions\/672"}],"wp:attachment":[{"href":"https:\/\/pluritans.unizg.hr\/hr\/wp-json\/wp\/v2\/media?parent=618"}],"curies":[{"name":"wp","href":"https:\/\/api.w.org\/{rel}","templated":true}]}}