{"id":616,"date":"2025-09-23T15:55:52","date_gmt":"2025-09-23T13:55:52","guid":{"rendered":"https:\/\/pluritans.unizg.hr\/?page_id=616"},"modified":"2025-09-23T16:34:25","modified_gmt":"2025-09-23T14:34:25","slug":"voditelji-projekta","status":"publish","type":"page","link":"https:\/\/pluritans.unizg.hr\/hr\/voditelji-projekta\/","title":{"rendered":"Voditelji projekta"},"content":{"rendered":"\t\t<div data-elementor-type=\"wp-page\" data-elementor-id=\"616\" class=\"elementor elementor-616 elementor-258\" data-elementor-post-type=\"page\">\n\t\t\t\t<div class=\"elementor-element elementor-element-40942ce e-flex e-con-boxed e-con e-parent\" data-id=\"40942ce\" data-element_type=\"container\">\n\t\t\t\t\t<div class=\"e-con-inner\">\n\t\t\t\t<div class=\"elementor-element elementor-element-3a074df elementor-widget-mobile__width-inherit elementor-widget elementor-widget-heading\" data-id=\"3a074df\" data-element_type=\"widget\" data-widget_type=\"heading.default\">\n\t\t\t\t<div class=\"elementor-widget-container\">\n\t\t\t\t\t<h1 class=\"elementor-heading-title elementor-size-default\">projektni tim<\/h1>\t\t\t\t<\/div>\n\t\t\t\t<\/div>\n\t\t\t\t<div class=\"elementor-element elementor-element-d4c0355 elementor-widget-mobile__width-inherit elementor-widget elementor-widget-heading\" data-id=\"d4c0355\" data-element_type=\"widget\" data-widget_type=\"heading.default\">\n\t\t\t\t<div class=\"elementor-widget-container\">\n\t\t\t\t\t<h1 class=\"elementor-heading-title elementor-size-default\">voditelji projekta<\/h1>\t\t\t\t<\/div>\n\t\t\t\t<\/div>\n\t\t\t\t\t<\/div>\n\t\t\t\t<\/div>\n\t\t<div class=\"elementor-element elementor-element-dafc523 e-flex e-con-boxed e-con e-parent\" data-id=\"dafc523\" data-element_type=\"container\">\n\t\t\t\t\t<div class=\"e-con-inner\">\n\t\t\t\t<div class=\"elementor-element elementor-element-45ec4d1 elementor-widget elementor-widget-n-accordion\" data-id=\"45ec4d1\" data-element_type=\"widget\" data-settings=\"{&quot;default_state&quot;:&quot;all_collapsed&quot;,&quot;n_accordion_animation_duration&quot;:{&quot;unit&quot;:&quot;ms&quot;,&quot;size&quot;:300,&quot;sizes&quot;:[]},&quot;max_items_expended&quot;:&quot;multiple&quot;}\" data-widget_type=\"nested-accordion.default\">\n\t\t\t\t<div class=\"elementor-widget-container\">\n\t\t\t\t\t\t\t<div class=\"e-n-accordion\" aria-label=\"Accordion. Open links with Enter or Space, close with Escape, and navigate with Arrow Keys\">\n\t\t\t\t\t\t<details id=\"e-n-accordion-item-7330\" class=\"e-n-accordion-item\" >\n\t\t\t\t<summary class=\"e-n-accordion-item-title\" data-accordion-index=\"1\" tabindex=\"0\" aria-expanded=\"false\" aria-controls=\"e-n-accordion-item-7330\" >\n\t\t\t\t\t<span class='e-n-accordion-item-title-header'><div class=\"e-n-accordion-item-title-text\"> Zoran Grozdanov <\/div><\/span>\n\t\t\t\t\t\t\t<span class='e-n-accordion-item-title-icon'>\n\t\t\t<span class='e-opened' ><svg xmlns=\"http:\/\/www.w3.org\/2000\/svg\" xmlns:xlink=\"http:\/\/www.w3.org\/1999\/xlink\" xmlns:serif=\"http:\/\/www.serif.com\/\" width=\"100%\" height=\"100%\" viewBox=\"0 0 50 50\" xml:space=\"preserve\" style=\"fill-rule:evenodd;clip-rule:evenodd;stroke-linejoin:round;stroke-miterlimit:2;\">    <g transform=\"matrix(1,0,0,1,-0.360975,-7.10543e-15)\">        <g transform=\"matrix(-0.9563,-1.17113e-16,1.17488e-16,-0.959363,50.9822,50)\">            <path d=\"M28.294,46.384L50.81,23.941L52.934,26.059L26.792,52.118L0.65,26.059L2.774,23.941L25.29,46.384L25.29,-0L28.294,-0L28.294,46.384Z\"><\/path>        <\/g>    <\/g><\/svg><\/span>\n\t\t\t<span class='e-closed'><svg xmlns=\"http:\/\/www.w3.org\/2000\/svg\" xmlns:xlink=\"http:\/\/www.w3.org\/1999\/xlink\" xmlns:serif=\"http:\/\/www.serif.com\/\" width=\"100%\" height=\"100%\" viewBox=\"0 0 50 50\" xml:space=\"preserve\" style=\"fill-rule:evenodd;clip-rule:evenodd;stroke-linejoin:round;stroke-miterlimit:2;\">    <g transform=\"matrix(1,0,0,1,-0.360975,-4.48684e-17)\">        <g transform=\"matrix(0.9563,0,0,0.959363,-0.260265,1.04837e-06)\">            <path d=\"M28.294,46.384L50.81,23.941L52.934,26.059L26.792,52.118L0.65,26.059L2.774,23.941L25.29,46.384L25.29,-0L28.294,-0L28.294,46.384Z\"><\/path>        <\/g>    <\/g><\/svg><\/span>\n\t\t<\/span>\n\n\t\t\t\t\t\t<\/summary>\n\t\t\t\t<div role=\"region\" aria-labelledby=\"e-n-accordion-item-7330\" class=\"elementor-element elementor-element-c22e88b e-con-full e-flex e-con e-child\" data-id=\"c22e88b\" data-element_type=\"container\">\n\t\t<div role=\"region\" aria-labelledby=\"e-n-accordion-item-7330\" class=\"elementor-element elementor-element-4f16d59 e-flex e-con-boxed e-con e-child\" data-id=\"4f16d59\" data-element_type=\"container\">\n\t\t\t\t\t<div class=\"e-con-inner\">\n\t\t\t\t<div class=\"elementor-element elementor-element-e2144f1 elementor-widget elementor-widget-text-editor\" data-id=\"e2144f1\" data-element_type=\"widget\" data-widget_type=\"text-editor.default\">\n\t\t\t\t<div class=\"elementor-widget-container\">\n\t\t\t\t\t\t\t\t\t<p>Zoran Grozdanov je izvanredni profesor na Sveu\u010dili\u0161nom centru za protestantsku teologiju Matija Vla\u010di\u0107 Ilirik u Zagrebu. Nakon \u0161to je diplomirao teologiju, povijest i filozofiju u Rijeci, Zagrebu i Osijeku, doktorirao je na Sveu\u010dili\u0161tu u Zagrebu. Tijekom doktorskog studija bio je gostuju\u0107i istra\u017eiva\u010d na Sveu\u010dili\u0161tu u T\u00fcbingenu (Njema\u010dka), gdje je radio na svom doktoratu pod mentorstvom J\u00fcrgena Moltmanna. Tako\u0111er je bio gostuju\u0107i istra\u017eiva\u010d na Institutu za ekumensku teologiju na Sveu\u010dili\u0161tu u M\u00fcnsteru (Njema\u010dka). Svoja izlaganja predstavljao je na konferencijama u Berlinu, M\u00fcnsteru, Oxfordu, Cambridgeu i Yaleu.<\/p><p>Kao autor ili urednik, objavio je deset knjiga, a nedavno je uredio i sudjelovao u zborniku\u00a0<i>Balkan Contextual Theology: An Introduction<\/i>\u00a0(Routledge, 2022), \u0161to je prvi poku\u0161aj kontekstualne balkanisti\u010dke teologije, u kojem su zastupljeni islamski, pravoslavni, protestantski, katoli\u010dki i sekularni autori.<\/p><p>Njegove knjige uklju\u010duju\u00a0<i>Odbojna rije\u010d: smrt Boga kod ranoga Hegela i ranoga Moltmanna<\/i>\u00a0(Fabrika knjiga, 2016),\u00a0<i>Theology: Descent into the Vicious Circles of Death: On the Fortieth Anniversary of J\u00fcrgen Moltmann\u2019s<\/i>\u00a0The Crucified God (<i>Cascade<\/i>, 2017),\u00a0<i>Envisioning the Good Life: Essays on God, Christ, and Human Flourishing in Honor of Miroslav Volf\u00a0<\/i>(Cascade, 2017);<br \/><i>Domovina slikana tamjanom: teologija nacionalnog identiteta\u00a0<\/i>(Ex libris, 2023). Tako\u0111er je sura\u0111ivao i uredio mnoge zbornike o kr\u0161\u0107anstvu u suvremenom dru\u0161tvu, religiji i nacionalnom identitetu te sekularnim vjerskim suradnjama. Za knjigu\u00a0<i>Vjera u dijalog: sekularno i religijsko u razgovoru<\/i>\u00a0(2017, dva izdanja, s Neboj\u0161om Zeli\u010dem) nagra\u0111en je nagradom Knjiga godine od strane Centra za nenasilje i ljudska prava u Osijeku, Hrvatskoj.<\/p><p>Me\u0111u njegovim ostalim publikacijama su: \u201eWhen a Light Cloak Turns into a Pious Cage: Thinking National Identity with Karl Barth and John Paul II\u201d u: M. van der Toll et al (ur.),\u00a0<i>The Many Faces of Christianism: from the Russian World to the Challenge of Illiberalism in Europe<\/i>\u00a0(Brill, 2025, u pripremi); \u201eReligious nationalism and religious governance: Overlaps and divergences \u2013 the Case of Croatia\u201c,\u00a0<i>Ethnicities\u00a0<\/i>(2014), (s Neboj\u0161om Zeli\u010dem); \u201eFrom Incarnation to Identity: The Theological Background of National-Populist Politics in the Western Balkans\u201c, u Ralston i Schmiedel (ur.),\u00a0<i>The Spirit of Populism: Political Theologies in the Polarized Times\u00a0<\/i>(Brill, 2022); Christ\u2019s Ethnonationalist Crucifixion: Sacralization of Ethnonationalist Agendas within Croatian Catholicism and Serbian Orthodoxy\u2014Cases and Effects, u\u00a0<i>Occasional Papers on Religion in Eastern Europe (2020).\u00a0<\/i>(2020). Tako\u0111er, urednik je nadolaze\u0107eg tematskog broja \u010dasopisa\u00a0<i>Political Theology<\/i>, posve\u0107enog balkanskim politi\u010dkim teologijama.<\/p>\t\t\t\t\t\t\t\t<\/div>\n\t\t\t\t<\/div>\n\t\t\t\t<div class=\"elementor-element elementor-element-710c389 elementor-widget__width-initial elementor-widget elementor-widget-image\" data-id=\"710c389\" data-element_type=\"widget\" data-widget_type=\"image.default\">\n\t\t\t\t<div class=\"elementor-widget-container\">\n\t\t\t\t\t\t\t\t\t\t\t\t\t\t\t<img loading=\"lazy\" decoding=\"async\" width=\"580\" height=\"580\" src=\"https:\/\/pluritans.unizg.hr\/wp-content\/uploads\/2025\/06\/team_grozdanov.jpg\" class=\"attachment-large size-large wp-image-536\" alt=\"\" srcset=\"https:\/\/pluritans.unizg.hr\/wp-content\/uploads\/2025\/06\/team_grozdanov.jpg 580w, https:\/\/pluritans.unizg.hr\/wp-content\/uploads\/2025\/06\/team_grozdanov-300x300.jpg 300w, https:\/\/pluritans.unizg.hr\/wp-content\/uploads\/2025\/06\/team_grozdanov-150x150.jpg 150w\" sizes=\"auto, (max-width: 580px) 100vw, 580px\" \/>\t\t\t\t\t\t\t\t\t\t\t\t\t\t\t<\/div>\n\t\t\t\t<\/div>\n\t\t\t\t\t<\/div>\n\t\t\t\t<\/div>\n\t\t\t\t<\/div>\n\t\t\t\t\t<\/details>\n\t\t\t\t\t\t<details id=\"e-n-accordion-item-7331\" class=\"e-n-accordion-item\" >\n\t\t\t\t<summary class=\"e-n-accordion-item-title\" data-accordion-index=\"2\" tabindex=\"-1\" aria-expanded=\"false\" aria-controls=\"e-n-accordion-item-7331\" >\n\t\t\t\t\t<span class='e-n-accordion-item-title-header'><div class=\"e-n-accordion-item-title-text\"> Slavica Jakeli\u0107 <\/div><\/span>\n\t\t\t\t\t\t\t<span class='e-n-accordion-item-title-icon'>\n\t\t\t<span class='e-opened' ><svg xmlns=\"http:\/\/www.w3.org\/2000\/svg\" xmlns:xlink=\"http:\/\/www.w3.org\/1999\/xlink\" xmlns:serif=\"http:\/\/www.serif.com\/\" width=\"100%\" height=\"100%\" viewBox=\"0 0 50 50\" xml:space=\"preserve\" style=\"fill-rule:evenodd;clip-rule:evenodd;stroke-linejoin:round;stroke-miterlimit:2;\">    <g transform=\"matrix(1,0,0,1,-0.360975,-7.10543e-15)\">        <g transform=\"matrix(-0.9563,-1.17113e-16,1.17488e-16,-0.959363,50.9822,50)\">            <path d=\"M28.294,46.384L50.81,23.941L52.934,26.059L26.792,52.118L0.65,26.059L2.774,23.941L25.29,46.384L25.29,-0L28.294,-0L28.294,46.384Z\"><\/path>        <\/g>    <\/g><\/svg><\/span>\n\t\t\t<span class='e-closed'><svg xmlns=\"http:\/\/www.w3.org\/2000\/svg\" xmlns:xlink=\"http:\/\/www.w3.org\/1999\/xlink\" xmlns:serif=\"http:\/\/www.serif.com\/\" width=\"100%\" height=\"100%\" viewBox=\"0 0 50 50\" xml:space=\"preserve\" style=\"fill-rule:evenodd;clip-rule:evenodd;stroke-linejoin:round;stroke-miterlimit:2;\">    <g transform=\"matrix(1,0,0,1,-0.360975,-4.48684e-17)\">        <g transform=\"matrix(0.9563,0,0,0.959363,-0.260265,1.04837e-06)\">            <path d=\"M28.294,46.384L50.81,23.941L52.934,26.059L26.792,52.118L0.65,26.059L2.774,23.941L25.29,46.384L25.29,-0L28.294,-0L28.294,46.384Z\"><\/path>        <\/g>    <\/g><\/svg><\/span>\n\t\t<\/span>\n\n\t\t\t\t\t\t<\/summary>\n\t\t\t\t<div role=\"region\" aria-labelledby=\"e-n-accordion-item-7331\" class=\"elementor-element elementor-element-a8d48b5 e-con-full e-flex e-con e-child\" data-id=\"a8d48b5\" data-element_type=\"container\">\n\t\t<div role=\"region\" aria-labelledby=\"e-n-accordion-item-7331\" class=\"elementor-element elementor-element-34558dd e-flex e-con-boxed e-con e-child\" data-id=\"34558dd\" data-element_type=\"container\">\n\t\t\t\t\t<div class=\"e-con-inner\">\n\t\t\t\t<div class=\"elementor-element elementor-element-be524a4 elementor-widget elementor-widget-text-editor\" data-id=\"be524a4\" data-element_type=\"widget\" data-widget_type=\"text-editor.default\">\n\t\t\t\t<div class=\"elementor-widget-container\">\n\t\t\t\t\t\t\t\t\t<p>Slavica Jakeli\u0107 predaje religijske studije i dru\u0161tvenu misao na Honors College Sveu\u010dili\u0161ta Valparaiso u SAD-u. Njezini znanstveni interesi i publikacije usmjereni su na religiju i nacionalizam, religijske i sekularne humanizme, teorije religije i sekularnosti, teorije modernosti te me\u0111ureligijske sukobe i dijalog. Jakeli\u0107 je radila ili bila stipendistica na brojnim interdisciplinarnim institutima u Europi i SAD-u: <i>Erasmus Institute for the Culture of Democracy<\/i> (Zagreb, Hrvatska), <i>Institute for the Study of Economic Culture <\/i>(Boston University), <i>Institut f\u00fcr die Wissenschaften vom Menschen<\/i> (Be\u010d, Austrija), <i>Institute for the Advanced Study in Culture<\/i> (University of Virginia), <i>Martin Marty Center <\/i>(University of Chicago), <i>Erasmus Institute <\/i>(University of Notre Dame), <i>The Notre Dame Institute for Advanced Studies <\/i>(University of Notre Dame), <i>Kroc Institute <\/i>(University of Notre Dame) i <i>Yale Divinity School<\/i> (Yale University). Bila je vi\u0161a znanstvena suradnica projekta \u201eReligion &amp; Its Publics\u201c, smje\u0161tenog na Sveu\u010dili\u0161tu Virginia, gdje je nekoliko godina bila \u010dlanica fakulteta i suravnateljica Institute for Advanced Studies in Culture (UVA). Tako\u0111er je bila vi\u0161a znanstvena suradnica me\u0111unarodnog projekta \u201eOrthodoxy and Human Rights\u201c, smje\u0161tenog na Sveu\u010dili\u0161tu Fordham.<\/p><p>Jakeli\u0107ini radovi objavljeni su u \u010dasopisima kao \u0161to su <i>Journal of the American Academy of Religion, Journal of Religious Ethics, Political Theology, The Hedgehog Review, The Review of Faith &amp; International Affairs, Studies in Religion\/Sciences Religieuses<\/i> i <i>Commonweal<\/i>. Uredila je ili suuredila \u010detiri zbornika: <i>The Future of the Study of Religion, Crossing Boundaries: From Syria to Slovakia<\/i>, izdanje <i>The Hedgehog Review<\/i> <i>\u201cAfter Secularization\u201d<\/i> i tematski broj \u010dasopisa <i>Religions<\/i> <i>\u201cNationalisms and Religious Identities\u201d<\/i>. Jakeli\u0107 je autorica knjiga <i>Collectivistic Religions<\/i> (Routledge, 2010\/2016), <i>Sloboda i pripadanje: eseji o religiji, nacionalizmu i solidarnosti<\/i> (Tim Press, 2024.) i <i>Pluralizing Humanism<\/i> (Routledge, 2025). Trenutno radi na knjizi s naslovom <i>Ethical Nationalisms<\/i>.<\/p>\t\t\t\t\t\t\t\t<\/div>\n\t\t\t\t<\/div>\n\t\t\t\t<div class=\"elementor-element elementor-element-0334371 elementor-widget__width-initial elementor-widget elementor-widget-image\" data-id=\"0334371\" data-element_type=\"widget\" data-widget_type=\"image.default\">\n\t\t\t\t<div class=\"elementor-widget-container\">\n\t\t\t\t\t\t\t\t\t\t\t\t\t\t\t<img loading=\"lazy\" decoding=\"async\" width=\"580\" height=\"580\" src=\"https:\/\/pluritans.unizg.hr\/wp-content\/uploads\/2025\/06\/team_jakelic.jpg\" class=\"attachment-large size-large wp-image-538\" alt=\"\" srcset=\"https:\/\/pluritans.unizg.hr\/wp-content\/uploads\/2025\/06\/team_jakelic.jpg 580w, https:\/\/pluritans.unizg.hr\/wp-content\/uploads\/2025\/06\/team_jakelic-300x300.jpg 300w, https:\/\/pluritans.unizg.hr\/wp-content\/uploads\/2025\/06\/team_jakelic-150x150.jpg 150w\" sizes=\"auto, (max-width: 580px) 100vw, 580px\" \/>\t\t\t\t\t\t\t\t\t\t\t\t\t\t\t<\/div>\n\t\t\t\t<\/div>\n\t\t\t\t\t<\/div>\n\t\t\t\t<\/div>\n\t\t\t\t<\/div>\n\t\t\t\t\t<\/details>\n\t\t\t\t\t\t<details id=\"e-n-accordion-item-7332\" class=\"e-n-accordion-item\" >\n\t\t\t\t<summary class=\"e-n-accordion-item-title\" data-accordion-index=\"3\" tabindex=\"-1\" aria-expanded=\"false\" aria-controls=\"e-n-accordion-item-7332\" >\n\t\t\t\t\t<span class='e-n-accordion-item-title-header'><div class=\"e-n-accordion-item-title-text\"> Neboj\u0161a Zeli\u010d <\/div><\/span>\n\t\t\t\t\t\t\t<span class='e-n-accordion-item-title-icon'>\n\t\t\t<span class='e-opened' ><svg xmlns=\"http:\/\/www.w3.org\/2000\/svg\" xmlns:xlink=\"http:\/\/www.w3.org\/1999\/xlink\" xmlns:serif=\"http:\/\/www.serif.com\/\" width=\"100%\" height=\"100%\" viewBox=\"0 0 50 50\" xml:space=\"preserve\" style=\"fill-rule:evenodd;clip-rule:evenodd;stroke-linejoin:round;stroke-miterlimit:2;\">    <g transform=\"matrix(1,0,0,1,-0.360975,-7.10543e-15)\">        <g transform=\"matrix(-0.9563,-1.17113e-16,1.17488e-16,-0.959363,50.9822,50)\">            <path d=\"M28.294,46.384L50.81,23.941L52.934,26.059L26.792,52.118L0.65,26.059L2.774,23.941L25.29,46.384L25.29,-0L28.294,-0L28.294,46.384Z\"><\/path>        <\/g>    <\/g><\/svg><\/span>\n\t\t\t<span class='e-closed'><svg xmlns=\"http:\/\/www.w3.org\/2000\/svg\" xmlns:xlink=\"http:\/\/www.w3.org\/1999\/xlink\" xmlns:serif=\"http:\/\/www.serif.com\/\" width=\"100%\" height=\"100%\" viewBox=\"0 0 50 50\" xml:space=\"preserve\" style=\"fill-rule:evenodd;clip-rule:evenodd;stroke-linejoin:round;stroke-miterlimit:2;\">    <g transform=\"matrix(1,0,0,1,-0.360975,-4.48684e-17)\">        <g transform=\"matrix(0.9563,0,0,0.959363,-0.260265,1.04837e-06)\">            <path d=\"M28.294,46.384L50.81,23.941L52.934,26.059L26.792,52.118L0.65,26.059L2.774,23.941L25.29,46.384L25.29,-0L28.294,-0L28.294,46.384Z\"><\/path>        <\/g>    <\/g><\/svg><\/span>\n\t\t<\/span>\n\n\t\t\t\t\t\t<\/summary>\n\t\t\t\t<div role=\"region\" aria-labelledby=\"e-n-accordion-item-7332\" class=\"elementor-element elementor-element-2de9eb2 e-con-full e-flex e-con e-child\" data-id=\"2de9eb2\" data-element_type=\"container\">\n\t\t<div role=\"region\" aria-labelledby=\"e-n-accordion-item-7332\" class=\"elementor-element elementor-element-599cdee e-flex e-con-boxed e-con e-child\" data-id=\"599cdee\" data-element_type=\"container\">\n\t\t\t\t\t<div class=\"e-con-inner\">\n\t\t\t\t<div class=\"elementor-element elementor-element-ba3fb19 elementor-widget elementor-widget-text-editor\" data-id=\"ba3fb19\" data-element_type=\"widget\" data-widget_type=\"text-editor.default\">\n\t\t\t\t<div class=\"elementor-widget-container\">\n\t\t\t\t\t\t\t\t\t<p>Neboj\u0161a Zeli\u010d diplomirao je filozofiju i povijest na Filozofskom fakultetu u Rijeci. Doktorirao je na istom fakultetu 2012. godine s disertacijom iz politi\u010dke filozofije pod nazivom <i>Ideja javnog uma<\/i>. Od 2016. godine zaposlen je kao docent na Odsjeku za filozofiju Filozofskog fakulteta u Rijeci. Tako\u0111er, predaje na kolegiju <i>\u201cPravednost u gradu\u201d<\/i> na specijalisti\u010dkom programu Urbanih studija na Sveu\u010dili\u0161tu u Rijeci. Godine 2018. predavao je na kolegiju <i>\u201cGra\u0111ansko prijateljstvo u liberalnoj zajednici\u201d<\/i> na Sveu\u010dili\u0161tu u Potsdamu. 2019.-2025. vodio je Centar za studije mira i konflikata na Sveu\u010dili\u0161tu u Rijeci. Bio je voditelj projekta <i>\u201cIzrada kurikuluma gra\u0111anskog odgoja za srednje \u0161kole\u201d<\/i>, u sklopu kojeg je razvijen izborni predmet <i>\u201e\u0160kola i zajednica\u201c<\/i>. Tako\u0111er je pokrenuo program revitalizacije <i>Mirovne \u0161kole Mrkopalj<\/i>. Bio je glavni istra\u017eiva\u010d istra\u017eiva\u010dkog projekta <i>\u201cDobrobit, pripadnost i dru\u0161tvena pravda\u201d<\/i> (UIP-2017-3462) financiranog od Hrvatske zaklade za znanost. Trenutno je suradnik na istra\u017eiva\u010dkom projektu <i>\u201cJavna opravdanja i pluralizam sposobnosti\u201d<\/i> (IP-2020-02-8073), tako\u0111er financiranom od Hrvatske zaklade za znanost.<\/p>\n<p>Za knjigu <i>Vjera u dijalog: sekularno i religijsko u razgovoru<\/i> (2017., dva izdanja, sa Zoranom Grozdanovim) nagra\u0111en je nagradom Knjiga godine Centra za nenasilje i ljudska prava u Osijeku. Objavio je knjigu <i>Filozofija dobrobiti <\/i>(Sveu\u010dili\u0161te u Rijeci, 2024., s A. Gavran Milo\u0161).<\/p>\n<p>Me\u0111u njegovim ostalim publikacijama su i:<i> \u201ePlay It by Trust: Social Trust, Political Institutions and Leisure\u201c<\/i> u <i>Institutions in Action: The Nature and the Role of Institutions in the Real World, <\/i>Andina, Tiziana, Bojani\u0107, Petar (ur.), Cham: Springer (2020); <i>\u201eThe resource curse and duties to immigrants\u201c<\/i> (s T. Crnkom) <i>Ethics &amp; Global Politics,<\/i> 14 (2021); <i>\u201eThe Role of Experts in Deliberative Epistemic Democracy\u201c<\/i> <i>Ethics and politics,<\/i> 23 (2021); <i>\u201eFrom Catholic Church to Religious\u2013Political Movements: Religious Populism\u2019s Coming of Age in Croatia\u201c<\/i> u <i>The Christian Right in Europe: Movements, Networks and Denominations<\/i> \/ lo Mascolo, Gionathan (ur.), Transcript Verlag, Berlin, 2023 (sa Z. Grozdanovim); <i>\u201eReligious nationalism and religious governance: Overlaps and divergences. The case of Croatia\u201c <\/i>\/\/ Ethnicities, 24(2), (2024) (sa Z. Grozdanovim).<\/p>\t\t\t\t\t\t\t\t<\/div>\n\t\t\t\t<\/div>\n\t\t\t\t<div class=\"elementor-element elementor-element-fdd8a03 elementor-widget__width-initial elementor-widget elementor-widget-image\" data-id=\"fdd8a03\" data-element_type=\"widget\" data-widget_type=\"image.default\">\n\t\t\t\t<div class=\"elementor-widget-container\">\n\t\t\t\t\t\t\t\t\t\t\t\t\t\t\t<img loading=\"lazy\" decoding=\"async\" width=\"580\" height=\"580\" src=\"https:\/\/pluritans.unizg.hr\/wp-content\/uploads\/2025\/06\/team_zelic.jpg\" class=\"attachment-large size-large wp-image-540\" alt=\"\" srcset=\"https:\/\/pluritans.unizg.hr\/wp-content\/uploads\/2025\/06\/team_zelic.jpg 580w, https:\/\/pluritans.unizg.hr\/wp-content\/uploads\/2025\/06\/team_zelic-300x300.jpg 300w, https:\/\/pluritans.unizg.hr\/wp-content\/uploads\/2025\/06\/team_zelic-150x150.jpg 150w\" sizes=\"auto, (max-width: 580px) 100vw, 580px\" \/>\t\t\t\t\t\t\t\t\t\t\t\t\t\t\t<\/div>\n\t\t\t\t<\/div>\n\t\t\t\t\t<\/div>\n\t\t\t\t<\/div>\n\t\t\t\t<\/div>\n\t\t\t\t\t<\/details>\n\t\t\t\t\t<\/div>\n\t\t\t\t\t\t<\/div>\n\t\t\t\t<\/div>\n\t\t\t\t\t<\/div>\n\t\t\t\t<\/div>\n\t\t\t\t<\/div>\n\t\t","protected":false},"excerpt":{"rendered":"<p>projektni tim voditelji projekta Zoran Grozdanov Zoran Grozdanov je izvanredni profesor na Sveu\u010dili\u0161nom centru za protestantsku teologiju Matija Vla\u010di\u0107 Ilirik u Zagrebu. Nakon \u0161to je diplomirao teologiju, povijest i filozofiju u Rijeci, Zagrebu i Osijeku, doktorirao je na Sveu\u010dili\u0161tu u Zagrebu. Tijekom doktorskog studija bio je gostuju\u0107i istra\u017eiva\u010d na Sveu\u010dili\u0161tu u T\u00fcbingenu (Njema\u010dka), gdje je [&hellip;]<\/p>\n","protected":false},"author":1,"featured_media":0,"parent":0,"menu_order":3,"comment_status":"closed","ping_status":"closed","template":"","meta":{"footnotes":""},"class_list":["post-616","page","type-page","status-publish","hentry"],"_links":{"self":[{"href":"https:\/\/pluritans.unizg.hr\/hr\/wp-json\/wp\/v2\/pages\/616","targetHints":{"allow":["GET"]}}],"collection":[{"href":"https:\/\/pluritans.unizg.hr\/hr\/wp-json\/wp\/v2\/pages"}],"about":[{"href":"https:\/\/pluritans.unizg.hr\/hr\/wp-json\/wp\/v2\/types\/page"}],"author":[{"embeddable":true,"href":"https:\/\/pluritans.unizg.hr\/hr\/wp-json\/wp\/v2\/users\/1"}],"replies":[{"embeddable":true,"href":"https:\/\/pluritans.unizg.hr\/hr\/wp-json\/wp\/v2\/comments?post=616"}],"version-history":[{"count":29,"href":"https:\/\/pluritans.unizg.hr\/hr\/wp-json\/wp\/v2\/pages\/616\/revisions"}],"predecessor-version":[{"id":674,"href":"https:\/\/pluritans.unizg.hr\/hr\/wp-json\/wp\/v2\/pages\/616\/revisions\/674"}],"wp:attachment":[{"href":"https:\/\/pluritans.unizg.hr\/hr\/wp-json\/wp\/v2\/media?parent=616"}],"curies":[{"name":"wp","href":"https:\/\/api.w.org\/{rel}","templated":true}]}}