{"id":615,"date":"2025-09-23T15:55:11","date_gmt":"2025-09-23T13:55:11","guid":{"rendered":"https:\/\/pluritans.unizg.hr\/?page_id=615"},"modified":"2025-09-23T16:34:11","modified_gmt":"2025-09-23T14:34:11","slug":"projekt","status":"publish","type":"page","link":"https:\/\/pluritans.unizg.hr\/hr\/projekt\/","title":{"rendered":"Projekt"},"content":{"rendered":"\t\t<div data-elementor-type=\"wp-page\" data-elementor-id=\"615\" class=\"elementor elementor-615 elementor-247\" data-elementor-post-type=\"page\">\n\t\t\t\t<div class=\"elementor-element elementor-element-ea86a34 e-flex e-con-boxed e-con e-parent\" data-id=\"ea86a34\" data-element_type=\"container\">\n\t\t\t\t\t<div class=\"e-con-inner\">\n\t\t\t\t<div class=\"elementor-element elementor-element-6f09864 elementor-widget__width-initial elementor-widget-mobile__width-inherit elementor-widget elementor-widget-heading\" data-id=\"6f09864\" data-element_type=\"widget\" data-widget_type=\"heading.default\">\n\t\t\t\t<div class=\"elementor-widget-container\">\n\t\t\t\t\t<h1 class=\"elementor-heading-title elementor-size-default\">Projekt<\/h1>\t\t\t\t<\/div>\n\t\t\t\t<\/div>\n\t\t\t\t\t<\/div>\n\t\t\t\t<\/div>\n\t\t<div class=\"elementor-element elementor-element-8fa96c7 e-flex e-con-boxed e-con e-parent\" data-id=\"8fa96c7\" data-element_type=\"container\">\n\t\t\t\t\t<div class=\"e-con-inner\">\n\t\t\t\t<div class=\"elementor-element elementor-element-a34ca1e elementor-widget__width-initial elementor-widget-tablet__width-inherit green-highlight elementor-widget elementor-widget-text-editor\" data-id=\"a34ca1e\" data-element_type=\"widget\" data-widget_type=\"text-editor.default\">\n\t\t\t\t<div class=\"elementor-widget-container\">\n\t\t\t\t\t\t\t\t\t<p><span class=\"velos-font\">PLURITANS<\/span>\u00a0\u0107e razmotriti spektar zna\u010denja i manifestacija \u017eivota s razli\u010ditostima \u2013 od \u2018tolerancije\u2019 shva\u0107ene u najtanjem smislu do \u2018tolerancije\u2019 utjelovljene i prakticirane kao vrline; od izraza \u2018dubokog pluralizma\u2019 shva\u0107enog kao agonisti\u010dki i transformativni susret religijskih i sekularnih razlika, do ideala i praksi \u2018zavjetnog pluralizma\u2019 shva\u0107enog kao sposobnost slobodnog potvr\u0111ivanja vlastite religijske tradicije, uz osje\u0107aj solidarnosti s onima izvan vlastite zajednice.<\/p>\t\t\t\t\t\t\t\t<\/div>\n\t\t\t\t<\/div>\n\t\t\t\t<div class=\"elementor-element elementor-element-715568b elementor-widget elementor-widget-heading\" data-id=\"715568b\" data-element_type=\"widget\" data-widget_type=\"heading.default\">\n\t\t\t\t<div class=\"elementor-widget-container\">\n\t\t\t\t\t<h2 class=\"elementor-heading-title elementor-size-default\">zavjetni<\/h2>\t\t\t\t<\/div>\n\t\t\t\t<\/div>\n\t\t\t\t<div class=\"elementor-element elementor-element-ebc6727 elementor-widget__width-initial elementor-widget-tablet__width-inherit green-highlight elementor-widget elementor-widget-text-editor\" data-id=\"ebc6727\" data-element_type=\"widget\" data-widget_type=\"text-editor.default\">\n\t\t\t\t<div class=\"elementor-widget-container\">\n\t\t\t\t\t\t\t\t\t<p>Ove ideje i ideali \u017eivota s razli\u010ditostima bit \u0107e istra\u017eeni u kontekstu <em>unutarreligijskih, me\u0111ureligijskih i religijsko-sekularnih pluralizama<\/em> na Balkanu.<\/p><p>1\u2014Pojam <em>unutarreligijskog pluralizma<\/em> bit \u0107e istra\u017een du\u017e teolo\u0161kih i nacionalnih okvira razli\u010ditih tipova kr\u0161\u0107anstva, te u smislu unutarnjeg pluralizma koji postoji unutar svake posebne religijske tradicije i zajednice u regiji \u2013 \u017eidovske, kr\u0161\u0107anske i muslimanske.<\/p><p>2\u2014Analiza <em>me\u0111ureligijskog pluralizma<\/em> usredoto\u010dit \u0107e se na bogate resurse svakodnevnih iskustava me\u0111ureligijskih anga\u017emana \u2013 razmotrit \u0107e se kako ti anga\u017emani poma\u017eu u stvaranju religijske pismenosti, kako na njih utje\u010de ili se opiru antipluralisti\u010dkim poticajima politi\u010dkih struja te kako ih oblikuje ili im izmi\u010de kruta logika nacionalnih dr\u017eava.<\/p><p>3\u2014Ispitivanje <em>\u201ereligijsko-sekularnog pluralizma\u201c<\/em> osvrnut \u0107e se na povijest komunisti\u010dkog ateizma u regiji, ali \u0107e se posebno usredoto\u010diti na nova zna\u010denja sekularnog, sekularnosti i sekularizma. Potonje uklju\u010duje odnos izme\u0111u sekularizma i razli\u010ditih konfiguracija religijsko-nacionalnih identiteta, kao i na\u010din na koji religijsko-sekularni pluralizam uokviruje dijalog izme\u0111u vjere i znanosti ili poti\u010de demokratske aran\u017emane potrebne za sna\u017ean, pluralisti\u010dki javni \u017eivot.<\/p>\t\t\t\t\t\t\t\t<\/div>\n\t\t\t\t<\/div>\n\t\t\t\t<div class=\"elementor-element elementor-element-b79a565 elementor-widget elementor-widget-heading\" data-id=\"b79a565\" data-element_type=\"widget\" data-widget_type=\"heading.default\">\n\t\t\t\t<div class=\"elementor-widget-container\">\n\t\t\t\t\t<h2 class=\"elementor-heading-title elementor-size-default\">ciljevi i metode<\/h2>\t\t\t\t<\/div>\n\t\t\t\t<\/div>\n\t\t\t\t<div class=\"elementor-element elementor-element-8e5fd9a elementor-widget__width-initial elementor-widget-tablet__width-inherit green-highlight elementor-widget elementor-widget-text-editor\" data-id=\"8e5fd9a\" data-element_type=\"widget\" data-widget_type=\"text-editor.default\">\n\t\t\t\t<div class=\"elementor-widget-container\">\n\t\t\t\t\t\t\t\t\t<p>Aktivnosti <span class=\"velos-font\">PLURITANS-a<\/span> imaju tri cilja: <em>akademski, pedago\u0161ki i javni<\/em>.<\/p><p>Slijede\u0107i ove me\u0111usobno povezane ciljeve, <span class=\"velos-font\">PLURITANS<\/span> nastoji transformirati razgovore o balkanskom me\u0111ureligijskom, unutarreligijskom i religijsko-sekularnom pluralizmu na tri na\u010dina:<\/p><p>1\u2014Izgradnjom <em>interdisciplinarne mre\u017ee znanstvenika<\/em> koji \u0107e zajedno raditi na razumijevanju niza ideja i ideala pluralizma u regiji te njihovih provedbi u znanstvenim razgovorima i u praksama svakodnevnog \u017eivota. Projekt \u0107e stoga uklju\u010divati znanstvenike koji predstavljaju filozofske, teolo\u0161ke, eti\u010dke, antropolo\u0161ke, povijesne, sociolo\u0161ke, religijske i rodne perspektive.<\/p><p>2\u2014Organiziranjem radionica i konferencije koje \u0107e producirati <em>akademske radove<\/em>, kao i uokviriti niz <em>pedago\u0161kih alata<\/em> za podu\u010davanje religijskog i religijsko-sekularnog pluralizma, posebno u kontekstu visokog obrazovanja i inicijativa za cjelo\u017eivotno u\u010denje.<\/p><p>3\u2014Organiziranjem <em>javnih doga\u0111aja<\/em> koji \u0107e premostiti jaz izme\u0111u akademske zajednice i javnosti, pokrenuti informirane razgovore o me\u0111ureligijskom, unutarreligijskom i religijsko-sekularnom pluralizmu u balkanskim dru\u0161tvima te pomo\u0107i u poticanju <em>javnih partnerstava<\/em> me\u0111u znanstvenicima, vjerskim vo\u0111ama, novinarima, javnim intelektualcima i predstavnicima nevladinih organizacija.<\/p>\t\t\t\t\t\t\t\t<\/div>\n\t\t\t\t<\/div>\n\t\t\t\t<div class=\"elementor-element elementor-element-e2b635b elementor-widget elementor-widget-heading\" data-id=\"e2b635b\" data-element_type=\"widget\" data-widget_type=\"heading.default\">\n\t\t\t\t<div class=\"elementor-widget-container\">\n\t\t\t\t\t<h2 class=\"elementor-heading-title elementor-size-default\">pluralizam<\/h2>\t\t\t\t<\/div>\n\t\t\t\t<\/div>\n\t\t\t\t\t<\/div>\n\t\t\t\t<\/div>\n\t\t\t\t<\/div>\n\t\t","protected":false},"excerpt":{"rendered":"<p>Projekt PLURITANS\u00a0\u0107e razmotriti spektar zna\u010denja i manifestacija \u017eivota s razli\u010ditostima \u2013 od \u2018tolerancije\u2019 shva\u0107ene u najtanjem smislu do \u2018tolerancije\u2019 utjelovljene i prakticirane kao vrline; od izraza \u2018dubokog pluralizma\u2019 shva\u0107enog kao agonisti\u010dki i transformativni susret religijskih i sekularnih razlika, do ideala i praksi \u2018zavjetnog pluralizma\u2019 shva\u0107enog kao sposobnost slobodnog potvr\u0111ivanja vlastite religijske tradicije, uz osje\u0107aj solidarnosti [&hellip;]<\/p>\n","protected":false},"author":1,"featured_media":0,"parent":0,"menu_order":2,"comment_status":"closed","ping_status":"closed","template":"","meta":{"footnotes":""},"class_list":["post-615","page","type-page","status-publish","hentry"],"_links":{"self":[{"href":"https:\/\/pluritans.unizg.hr\/hr\/wp-json\/wp\/v2\/pages\/615","targetHints":{"allow":["GET"]}}],"collection":[{"href":"https:\/\/pluritans.unizg.hr\/hr\/wp-json\/wp\/v2\/pages"}],"about":[{"href":"https:\/\/pluritans.unizg.hr\/hr\/wp-json\/wp\/v2\/types\/page"}],"author":[{"embeddable":true,"href":"https:\/\/pluritans.unizg.hr\/hr\/wp-json\/wp\/v2\/users\/1"}],"replies":[{"embeddable":true,"href":"https:\/\/pluritans.unizg.hr\/hr\/wp-json\/wp\/v2\/comments?post=615"}],"version-history":[{"count":5,"href":"https:\/\/pluritans.unizg.hr\/hr\/wp-json\/wp\/v2\/pages\/615\/revisions"}],"predecessor-version":[{"id":673,"href":"https:\/\/pluritans.unizg.hr\/hr\/wp-json\/wp\/v2\/pages\/615\/revisions\/673"}],"wp:attachment":[{"href":"https:\/\/pluritans.unizg.hr\/hr\/wp-json\/wp\/v2\/media?parent=615"}],"curies":[{"name":"wp","href":"https:\/\/api.w.org\/{rel}","templated":true}]}}