{"id":614,"date":"2025-09-23T15:54:35","date_gmt":"2025-09-23T13:54:35","guid":{"rendered":"https:\/\/pluritans.unizg.hr\/?page_id=614"},"modified":"2025-09-23T16:33:45","modified_gmt":"2025-09-23T14:33:45","slug":"naslovnica","status":"publish","type":"page","link":"https:\/\/pluritans.unizg.hr\/hr\/","title":{"rendered":"Naslovnica"},"content":{"rendered":"\t\t<div data-elementor-type=\"wp-page\" data-elementor-id=\"614\" class=\"elementor elementor-614 elementor-11\" data-elementor-post-type=\"page\">\n\t\t\t\t<div class=\"elementor-element elementor-element-103ba74 e-flex e-con-boxed e-con e-parent\" data-id=\"103ba74\" data-element_type=\"container\">\n\t\t\t\t\t<div class=\"e-con-inner\">\n\t\t\t\t<div class=\"elementor-element elementor-element-19171a5 elementor-widget__width-initial elementor-widget-mobile__width-inherit elementor-widget elementor-widget-heading\" data-id=\"19171a5\" data-element_type=\"widget\" data-widget_type=\"heading.default\">\n\t\t\t\t<div class=\"elementor-widget-container\">\n\t\t\t\t\t<h1 class=\"elementor-heading-title elementor-size-default\">Oblici pluralizma na Balkanu<\/h1>\t\t\t\t<\/div>\n\t\t\t\t<\/div>\n\t\t\t\t\t<\/div>\n\t\t\t\t<\/div>\n\t\t<div class=\"elementor-element elementor-element-51f49e4 e-flex e-con-boxed e-con e-parent\" data-id=\"51f49e4\" data-element_type=\"container\">\n\t\t\t\t\t<div class=\"e-con-inner\">\n\t\t\t\t<div class=\"elementor-element elementor-element-70131c9 elementor-widget__width-initial elementor-widget-tablet__width-inherit elementor-widget elementor-widget-text-editor\" data-id=\"70131c9\" data-element_type=\"widget\" data-widget_type=\"text-editor.default\">\n\t\t\t\t<div class=\"elementor-widget-container\">\n\t\t\t\t\t\t\t\t\t<p>Ve\u0107 gotovo dva stolje\u0107a zapadni su promatra\u010di pristupali Balkanu kao mjestu sukoba i antagonizama me\u0111u razli\u010ditim vjerskim i etni\u010dkim skupinama \u2014 kao na geopoliti\u010dku i kulturnu granicu izme\u0111u Zapada i Istoka, izme\u0111u zapadnog i isto\u010dnog kr\u0161\u0107anstva, izme\u0111u islama i kr\u0161\u0107anstva. Ovakva predod\u017eba regije kao trajnog izvora nestabilnosti \u010dini se ponovno potvr\u0111enom nedavnim nasilnim sukobima u Ukrajini, Gazi i Izraelu te djelovanjem regionalnih politi\u010dkih snaga koje se okre\u0107u neliberalnim demokracijama.<\/p>\t\t\t\t\t\t\t\t<\/div>\n\t\t\t\t<\/div>\n\t\t\t\t<div class=\"elementor-element elementor-element-17181c6 elementor-widget__width-initial elementor-widget-tablet__width-inherit elementor-widget elementor-widget-text-editor\" data-id=\"17181c6\" data-element_type=\"widget\" data-widget_type=\"text-editor.default\">\n\t\t\t\t<div class=\"elementor-widget-container\">\n\t\t\t\t\t\t\t\t\t<p><span class=\"velos-font\">PLURITANS<\/span> nastoji problematizirati takva shva\u0107anja i narative o Balkanu kao regiji optere\u0107enoj povije\u0161\u0107u te otkriti mnogostruke dimenzije balkanskog pluralizma.<\/p>\t\t\t\t\t\t\t\t<\/div>\n\t\t\t\t<\/div>\n\t\t\t\t<div class=\"elementor-element elementor-element-843b1bc elementor-widget__width-initial elementor-widget-tablet__width-inherit elementor-widget elementor-widget-text-editor\" data-id=\"843b1bc\" data-element_type=\"widget\" data-widget_type=\"text-editor.default\">\n\t\t\t\t<div class=\"elementor-widget-container\">\n\t\t\t\t\t\t\t\t\tInterdisciplinaran po karakteru, usmjeren prema javnosti i pedago\u0161ki orijentiran, <span class=\"velos-font\">PLURITANS<\/span> \u0107e istra\u017eivati zna\u010denja i manifestacije unutarreligijskih, me\u0111ureligijskih i religijsko-sekularnih pluralizama na Balkanu.\t\t\t\t\t\t\t\t<\/div>\n\t\t\t\t<\/div>\n\t\t\t\t\t<\/div>\n\t\t\t\t<\/div>\n\t\t<div class=\"elementor-element elementor-element-3b6c2f1 e-flex e-con-boxed e-con e-parent\" data-id=\"3b6c2f1\" data-element_type=\"container\">\n\t\t\t\t\t<div class=\"e-con-inner\">\n\t\t<div class=\"elementor-element elementor-element-8b934f0 e-con-full e-flex e-con e-child\" data-id=\"8b934f0\" data-element_type=\"container\">\n\t\t\t\t<div class=\"elementor-element elementor-element-943eca4 elementor-widget elementor-widget-heading\" data-id=\"943eca4\" data-element_type=\"widget\" data-widget_type=\"heading.default\">\n\t\t\t\t<div class=\"elementor-widget-container\">\n\t\t\t\t\t<h2 class=\"elementor-heading-title elementor-size-default\">\u017eivjeti<\/h2>\t\t\t\t<\/div>\n\t\t\t\t<\/div>\n\t\t\t\t<\/div>\n\t\t<div class=\"elementor-element elementor-element-e52f67f e-con-full e-flex e-con e-child\" data-id=\"e52f67f\" data-element_type=\"container\">\n\t\t\t\t<div class=\"elementor-element elementor-element-8d0c25f elementor-widget elementor-widget-text-editor\" data-id=\"8d0c25f\" data-element_type=\"widget\" data-widget_type=\"text-editor.default\">\n\t\t\t\t<div class=\"elementor-widget-container\">\n\t\t\t\t\t\t\t\t\t<p>Na\u0161 projekt istra\u017eit \u0107e kako su pluralisti\u010dki na\u010dini \u017eivljenja u regiji oblikovani, ali ne i svedivi na postkomunisti\u010dka naslje\u0111a te kako su isprepleteni s nacionalnim identitetima, ali njima nisu odre\u0111eni.<\/p>\t\t\t\t\t\t\t\t<\/div>\n\t\t\t\t<\/div>\n\t\t\t\t<div class=\"elementor-element elementor-element-0affe0c elementor-widget elementor-widget-heading\" data-id=\"0affe0c\" data-element_type=\"widget\" data-widget_type=\"heading.default\">\n\t\t\t\t<div class=\"elementor-widget-container\">\n\t\t\t\t\t<h2 class=\"elementor-heading-title elementor-size-default\">s razlikama<span style=\"color: inherit\"><\/span><\/h2>\t\t\t\t<\/div>\n\t\t\t\t<\/div>\n\t\t\t\t<\/div>\n\t\t\t\t\t<\/div>\n\t\t\t\t<\/div>\n\t\t<div class=\"elementor-element elementor-element-de6103c e-flex e-con-boxed e-con e-parent\" data-id=\"de6103c\" data-element_type=\"container\">\n\t\t\t\t\t<div class=\"e-con-inner\">\n\t\t\t\t<div class=\"elementor-element elementor-element-a705fc9 elementor-widget__width-initial elementor-widget-tablet__width-inherit elementor-widget elementor-widget-text-editor\" data-id=\"a705fc9\" data-element_type=\"widget\" data-widget_type=\"text-editor.default\">\n\t\t\t\t<div class=\"elementor-widget-container\">\n\t\t\t\t\t\t\t\t\t<p>Uz potporu Templeton Religion Trusta, projekt se provodi na Sveu\u010dili\u0161nom centru za protestantsku teologiju Matija Vla\u010di\u0107 Ilirik, Sveu\u010dili\u0161ta u Zagrebu. Vode ga Zoran Grozdanov, Slavica Jakeli\u0107 i Neboj\u0161a Zeli\u010d.<\/p>\t\t\t\t\t\t\t\t<\/div>\n\t\t\t\t<\/div>\n\t\t\t\t\t<\/div>\n\t\t\t\t<\/div>\n\t\t\t\t<\/div>\n\t\t","protected":false},"excerpt":{"rendered":"<p>Oblici pluralizma na Balkanu Ve\u0107 gotovo dva stolje\u0107a zapadni su promatra\u010di pristupali Balkanu kao mjestu sukoba i antagonizama me\u0111u razli\u010ditim vjerskim i etni\u010dkim skupinama \u2014 kao na geopoliti\u010dku i kulturnu granicu izme\u0111u Zapada i Istoka, izme\u0111u zapadnog i isto\u010dnog kr\u0161\u0107anstva, izme\u0111u islama i kr\u0161\u0107anstva. Ovakva predod\u017eba regije kao trajnog izvora nestabilnosti \u010dini se ponovno potvr\u0111enom [&hellip;]<\/p>\n","protected":false},"author":1,"featured_media":0,"parent":0,"menu_order":1,"comment_status":"closed","ping_status":"closed","template":"","meta":{"footnotes":""},"class_list":["post-614","page","type-page","status-publish","hentry"],"_links":{"self":[{"href":"https:\/\/pluritans.unizg.hr\/hr\/wp-json\/wp\/v2\/pages\/614","targetHints":{"allow":["GET"]}}],"collection":[{"href":"https:\/\/pluritans.unizg.hr\/hr\/wp-json\/wp\/v2\/pages"}],"about":[{"href":"https:\/\/pluritans.unizg.hr\/hr\/wp-json\/wp\/v2\/types\/page"}],"author":[{"embeddable":true,"href":"https:\/\/pluritans.unizg.hr\/hr\/wp-json\/wp\/v2\/users\/1"}],"replies":[{"embeddable":true,"href":"https:\/\/pluritans.unizg.hr\/hr\/wp-json\/wp\/v2\/comments?post=614"}],"version-history":[{"count":5,"href":"https:\/\/pluritans.unizg.hr\/hr\/wp-json\/wp\/v2\/pages\/614\/revisions"}],"predecessor-version":[{"id":671,"href":"https:\/\/pluritans.unizg.hr\/hr\/wp-json\/wp\/v2\/pages\/614\/revisions\/671"}],"wp:attachment":[{"href":"https:\/\/pluritans.unizg.hr\/hr\/wp-json\/wp\/v2\/media?parent=614"}],"curies":[{"name":"wp","href":"https:\/\/api.w.org\/{rel}","templated":true}]}}